{"id":2302,"date":"2025-02-01T14:09:11","date_gmt":"2025-02-01T13:09:11","guid":{"rendered":"https:\/\/www.naxos-argana.com\/imprint"},"modified":"2025-07-14T15:04:38","modified_gmt":"2025-07-14T13:04:38","slug":"impressum","status":"publish","type":"page","link":"https:\/\/www.naxos-argana.com\/de\/impressum","title":{"rendered":"Impressum"},"content":{"rendered":"\t\t<div data-elementor-type=\"wp-page\" data-elementor-id=\"2302\" class=\"elementor elementor-2302 elementor-8\" data-elementor-post-type=\"page\">\n\t\t\t\t<div class=\"elementor-element elementor-element-790c3fa e-con-full e-flex e-con e-parent\" data-id=\"790c3fa\" data-element_type=\"container\" data-e-type=\"container\" data-settings=\"{&quot;background_background&quot;:&quot;classic&quot;}\">\n\t\t\t\t<\/div>\n\t\t<div class=\"elementor-element elementor-element-fd75654 e-flex e-con-boxed e-con e-parent\" data-id=\"fd75654\" data-element_type=\"container\" data-e-type=\"container\">\n\t\t\t\t\t<div class=\"e-con-inner\">\n\t\t\t\t<div class=\"elementor-element elementor-element-4c864b1 elementor-widget elementor-widget-text-editor\" data-id=\"4c864b1\" data-element_type=\"widget\" data-e-type=\"widget\" data-widget_type=\"text-editor.default\">\n\t\t\t\t<div class=\"elementor-widget-container\">\n\t\t\t\t\t\t\t\t\t<h1>Impressum<\/h1><p><strong>Argana Holiday Home<\/strong><br \/>&#105;&#x6e;f&#x6f;&#x40;&#110;&#x61;x&#111;&#x73;&#45;&#x61;r&#103;&#x61;n&#x61;&#46;&#99;&#x6f;m<\/p><p><strong>Eigent\u00fcmer<\/strong><br \/>J\u00f6rn Kachelriess<br \/>&#x6a;&#x2e;&#x6b;&#x61;&#x63;&#x68;&#x65;&#x6c;&#x72;&#x69;&#x65;&#x73;&#x73;&#x40;&#x79;&#x65;&#x61;&#x72;&#x6e;&#x69;&#x6e;&#x67;&#x2e;&#x64;&#x65;<\/p><p><strong>Management<\/strong><br \/>C.A.R.E. Naxos<br \/><span style=\"text-decoration: underline;\"><a href=\"https:\/\/www.carenaxos.com\/argana\" target=\"_blank\" rel=\"noopener\">carenaxos.com<\/a><\/span><br \/><a href=\"mai&#108;&#116;&#111;&#x3a;&#x69;&#x6e;&#x66;&#x6f;&#x40;car&#101;&#110;&#97;&#120;&#x6f;&#x73;&#x2e;&#x63;&#x6f;&#x6d;\">&#x69;&#110;f&#x6f;&#x40;&#99;a&#x72;&#x65;&#110;a&#x78;&#111;s&#x2e;&#x63;&#111;m<\/a><\/p><p class=\"p1\">Alle verwendeten Texte, Bilder und Grafiken unterliegen dem Urheberrecht und anderen Gesetzen zum Schutz des geistigen Eigentums. Ihre Weitergabe, Ver\u00e4nderung, gewerbliche Nutzung oder sonstige Verwendung ist untersagt.<\/p><p><strong>Fotografie:<\/strong><br \/><span style=\"text-decoration: underline;\"><a href=\"https:\/\/chantelleroussou.com\/\" target=\"_blank\" rel=\"noopener\">Chantelle Roussou<\/a><\/span><br \/>J\u00f6rn Kachelriess<\/p><p><strong>Nutzungsbedingungen<br \/><\/strong>Die Inhalte dieser Website sind frei nutzbar und dienen ausschlie\u00dflich Informationszwecken. Durch die Nutzung der Auswahlm\u00f6glichkeiten auf der Website kommen keine Rechtsgesch\u00e4fte zwischen dem Betreiber und den Nutzern zustande. Die weitere Vorgehensweise zwischen Anbietern und Nutzern und der eventuelle sp\u00e4tere Abschluss von Vertr\u00e4gen zwischen Anbietern und Nutzern liegen im alleinigen Ermessen der Nutzer.<\/p><p><strong>Copyright \/ Haftungsausschluss<br \/><\/strong>Im Hinblick auf die technischen Eigenschaften des Internet kann keine Gew\u00e4hr f\u00fcr die Authentizit\u00e4t, Richtigkeit und Vollst\u00e4ndigkeit der im Internet zur Verf\u00fcgung gestellten Informationen \u00fcbernommen werden. Es wird keine Gew\u00e4hr f\u00fcr die Verf\u00fcgbarkeit oder den Betrieb der gegenst\u00e4ndlichen Homepage und ihrer Inhalte \u00fcbernommen. Jede Haftung f\u00fcr unmittelbare, mittelbare oder sonstige Sch\u00e4den, unabh\u00e4ngig von deren Ursachen, die aus der Benutzung oder Nichtverf\u00fcgbarkeit der Daten und Informationen dieser Homepage erwachsen, wird, soweit rechtlich zul\u00e4ssig, ausgeschlossen. Der Inhalt dieser Website ist urheberrechtlich gesch\u00fctzt. Die Informationen sind nur f\u00fcr die pers\u00f6nliche Verwendung bestimmt. Jede weitergehende Nutzung, insbesondere die Speicherung in Datenbanken, Vervielf\u00e4ltigung und jede Form von gewerblicher Nutzung sowie die Weitergabe an Dritte &#8211; auch in Teilen oder in \u00fcberarbeiteter Form &#8211; ohne Zustimmung des Website-Inhabers ist untersagt. Hyperlinks auf unsere Website sind erw\u00fcnscht. Die Einbindung einzelner Seiten unserer Website in fremde Frames ist unzul\u00e4ssig.<\/p><p><strong>Datenschutz<br \/><\/strong>Soweit auf unseren Seiten personenbezogene Daten (beispielsweise Name, Anschrift oder eMail-Adressen) abgefragt werden, erfolgt dies ausschlie\u00dflich auf freiwilliger Basis. Der Nutzung von im Rahmen der Impressumspflicht ver\u00f6ffentlichten Kontaktdaten durch Dritte zur \u00dcbersendung von nicht ausdr\u00fccklich angeforderter Werbung und Informationsmaterialien wird hiermit ausdr\u00fccklich widersprochen. Die Betreiber der Seiten behalten sich ausdr\u00fccklich rechtliche Schritte im Falle der unverlangten Zusendung von Werbeinformationen, etwa durch Spam-Mails, vor.<\/p><p><strong>Haftung f\u00fcr Links<br \/><\/strong>Diese Seite enth\u00e4lt Links zu externen Webseiten Dritter, auf deren Inhalte wir keinen Einfluss haben. Deshalb k\u00f6nnen wir f\u00fcr diese fremden Inhalte auch keine Gew\u00e4hr \u00fcbernehmen. F\u00fcr die Inhalte der verlinkten Seiten ist stets der jeweilige Anbieter oder Betreiber der Seiten verantwortlich. Die verlinkten Seiten wurden zum Zeitpunkt der Verlinkung auf m\u00f6gliche Rechtsverst\u00f6\u00dfe \u00fcberpr\u00fcft. Rechtswidrige Inhalte waren zum Zeitpunkt der Verlinkung nicht erkennbar. Eine permanente inhaltliche Kontrolle der verlinkten Seiten ist jedoch ohne konkrete Anhaltspunkte einer Rechtsverletzung nicht zumutbar. Bei Bekanntwerden von Rechtsverletzungen werden wir derartige Links umgehend entfernen.<\/p><p><span style=\"border: 0px; font-family: inherit; font-style: inherit; margin: 0px; outline: 0px; padding: 0px; vertical-align: baseline;\">\u00a0<\/span><\/p>\t\t\t\t\t\t\t\t<\/div>\n\t\t\t\t<\/div>\n\t\t\t\t\t<\/div>\n\t\t\t\t<\/div>\n\t\t\t\t<\/div>\n\t\t","protected":false},"excerpt":{"rendered":"<p>Impressum Argana Holiday Home &#x69;&#x6e;&#x66;&#x6f;&#x40;&#x6e;&#x61;&#x78;&#111;&#115;&#45;&#97;&#114;&#103;&#97;na&#46;c&#x6f;&#x6d; Eigent\u00fcmer J\u00f6rn Kachelriess &#x6a;&#x2e;&#107;a&#x63;&#x68;&#x65;&#108;r&#x69;&#x65;&#x73;&#115;&#64;&#x79;&#x65;&#x61;&#114;n&#x69;&#x6e;&#x67;&#46;d&#x65; Management C.A.R.E. Naxos carenaxos.com &#x69;&#110;f&#x6f;&#x40;&#99;a&#x72;&#101;n&#x61;&#x78;&#111;s&#x2e;&#99;o&#x6d; Alle verwendeten Texte, Bilder und Grafiken unterliegen dem Urheberrecht und anderen Gesetzen zum Schutz des geistigen Eigentums. Ihre Weitergabe, Ver\u00e4nderung, gewerbliche Nutzung oder sonstige Verwendung ist untersagt. Fotografie: Chantelle Roussou J\u00f6rn Kachelriess Nutzungsbedingungen Die Inhalte dieser <a class=\"moretag\" href=\"https:\/\/www.naxos-argana.com\/de\/impressum\">weiterlesen&#8230;<\/a><\/p>\n","protected":false},"author":1,"featured_media":0,"parent":0,"menu_order":11,"comment_status":"closed","ping_status":"closed","template":"","meta":{"_acf_changed":false,"footnotes":""},"class_list":["post-2302","page","type-page","status-publish","hentry"],"acf":[],"yoast_head":"<!-- This site is optimized with the Yoast SEO plugin v27.2 - https:\/\/yoast.com\/product\/yoast-seo-wordpress\/ -->\n<title>Impressum - Naxos Argana<\/title>\n<meta name=\"robots\" content=\"index, follow, max-snippet:-1, max-image-preview:large, max-video-preview:-1\" \/>\n<link rel=\"canonical\" href=\"https:\/\/www.naxos-argana.com\/de\/impressum\" \/>\n<meta property=\"og:locale\" content=\"de_DE\" \/>\n<meta property=\"og:type\" content=\"article\" \/>\n<meta property=\"og:title\" content=\"Impressum - Naxos Argana\" \/>\n<meta property=\"og:description\" content=\"Impressum Argana Holiday Home &#x69;&#110;f&#x6f;&#x40;&#110;a&#x78;&#x6f;&#115;-&#x61;&#114;g&#x61;&#x6e;&#097;&#046;&#x63;&#x6f;&#109; Eigent\u00fcmer J\u00f6rn Kachelriess &#x6a;&#x2e;&#x6b;&#x61;&#x63;&#104;&#101;&#108;&#114;ies&#x73;&#x40;&#x79;&#x65;&#x61;&#x72;&#110;&#105;&#110;g&#046;d&#x65; Management C.A.R.E. Naxos carenaxos.com &#x69;&#x6e;&#102;&#111;&#064;&#x63;&#x61;&#x72;&#101;&#110;a&#x78;&#x6f;&#x73;&#046;&#099;o&#x6d; Alle verwendeten Texte, Bilder und Grafiken unterliegen dem Urheberrecht und anderen Gesetzen zum Schutz des geistigen Eigentums. Ihre Weitergabe, Ver\u00e4nderung, gewerbliche Nutzung oder sonstige Verwendung ist untersagt. Fotografie: Chantelle Roussou J\u00f6rn Kachelriess Nutzungsbedingungen Die Inhalte dieser weiterlesen...\" \/>\n<meta property=\"og:url\" content=\"https:\/\/www.naxos-argana.com\/de\/impressum\" \/>\n<meta property=\"og:site_name\" content=\"Naxos Argana\" \/>\n<meta property=\"article:modified_time\" content=\"2025-07-14T13:04:38+00:00\" \/>\n<meta name=\"twitter:card\" content=\"summary_large_image\" \/>\n<meta name=\"twitter:label1\" content=\"Gesch\u00e4tzte Lesezeit\" \/>\n\t<meta name=\"twitter:data1\" content=\"2\u00a0Minuten\" \/>\n<script type=\"application\/ld+json\" class=\"yoast-schema-graph\">{\"@context\":\"https:\/\/schema.org\",\"@graph\":[{\"@type\":\"WebPage\",\"@id\":\"https:\/\/www.naxos-argana.com\/de\/impressum\",\"url\":\"https:\/\/www.naxos-argana.com\/de\/impressum\",\"name\":\"Impressum - Naxos Argana\",\"isPartOf\":{\"@id\":\"https:\/\/www.naxos-argana.com\/de#website\"},\"datePublished\":\"2025-02-01T13:09:11+00:00\",\"dateModified\":\"2025-07-14T13:04:38+00:00\",\"breadcrumb\":{\"@id\":\"https:\/\/www.naxos-argana.com\/de\/impressum#breadcrumb\"},\"inLanguage\":\"de\",\"potentialAction\":[{\"@type\":\"ReadAction\",\"target\":[\"https:\/\/www.naxos-argana.com\/de\/impressum\"]}]},{\"@type\":\"BreadcrumbList\",\"@id\":\"https:\/\/www.naxos-argana.com\/de\/impressum#breadcrumb\",\"itemListElement\":[{\"@type\":\"ListItem\",\"position\":1,\"name\":\"Startseite\",\"item\":\"https:\/\/www.naxos-argana.com\/de\"},{\"@type\":\"ListItem\",\"position\":2,\"name\":\"Impressum\"}]},{\"@type\":\"WebSite\",\"@id\":\"https:\/\/www.naxos-argana.com\/de#website\",\"url\":\"https:\/\/www.naxos-argana.com\/de\",\"name\":\"Naxos Argana\",\"description\":\"Holiday Home\",\"potentialAction\":[{\"@type\":\"SearchAction\",\"target\":{\"@type\":\"EntryPoint\",\"urlTemplate\":\"https:\/\/www.naxos-argana.com\/de?s={search_term_string}\"},\"query-input\":{\"@type\":\"PropertyValueSpecification\",\"valueRequired\":true,\"valueName\":\"search_term_string\"}}],\"inLanguage\":\"de\"}]}<\/script>\n<!-- \/ Yoast SEO plugin. -->","yoast_head_json":{"title":"Impressum - Naxos Argana","robots":{"index":"index","follow":"follow","max-snippet":"max-snippet:-1","max-image-preview":"max-image-preview:large","max-video-preview":"max-video-preview:-1"},"canonical":"https:\/\/www.naxos-argana.com\/de\/impressum","og_locale":"de_DE","og_type":"article","og_title":"Impressum - Naxos Argana","og_description":"Impressum Argana Holiday Home info&#64;nax&#111;&#115;&#45;&#97;&#114;&#103;&#97;&#110;&#97;&#46;&#x63;&#x6f;&#x6d; Eigent\u00fcmer J\u00f6rn Kachelriess &#x6a;&#46;k&#x61;&#99;h&#x65;&#108;r&#x69;&#101;s&#x73;&#64;y&#x65;&#x61;r&#x6e;&#x69;&#110;&#x67;&#x2e;&#100;&#x65; Management C.A.R.E. Naxos carenaxos.com info&#64;c&#97;&#114;&#101;&#110;&#97;&#120;&#111;&#x73;&#x2e;&#x63;&#x6f;&#x6d; Alle verwendeten Texte, Bilder und Grafiken unterliegen dem Urheberrecht und anderen Gesetzen zum Schutz des geistigen Eigentums. Ihre Weitergabe, Ver\u00e4nderung, gewerbliche Nutzung oder sonstige Verwendung ist untersagt. Fotografie: Chantelle Roussou J\u00f6rn Kachelriess Nutzungsbedingungen Die Inhalte dieser weiterlesen...","og_url":"https:\/\/www.naxos-argana.com\/de\/impressum","og_site_name":"Naxos Argana","article_modified_time":"2025-07-14T13:04:38+00:00","twitter_card":"summary_large_image","twitter_misc":{"Gesch\u00e4tzte Lesezeit":"2\u00a0Minuten"},"schema":{"@context":"https:\/\/schema.org","@graph":[{"@type":"WebPage","@id":"https:\/\/www.naxos-argana.com\/de\/impressum","url":"https:\/\/www.naxos-argana.com\/de\/impressum","name":"Impressum - Naxos Argana","isPartOf":{"@id":"https:\/\/www.naxos-argana.com\/de#website"},"datePublished":"2025-02-01T13:09:11+00:00","dateModified":"2025-07-14T13:04:38+00:00","breadcrumb":{"@id":"https:\/\/www.naxos-argana.com\/de\/impressum#breadcrumb"},"inLanguage":"de","potentialAction":[{"@type":"ReadAction","target":["https:\/\/www.naxos-argana.com\/de\/impressum"]}]},{"@type":"BreadcrumbList","@id":"https:\/\/www.naxos-argana.com\/de\/impressum#breadcrumb","itemListElement":[{"@type":"ListItem","position":1,"name":"Startseite","item":"https:\/\/www.naxos-argana.com\/de"},{"@type":"ListItem","position":2,"name":"Impressum"}]},{"@type":"WebSite","@id":"https:\/\/www.naxos-argana.com\/de#website","url":"https:\/\/www.naxos-argana.com\/de","name":"Naxos Argana","description":"Holiday Home","potentialAction":[{"@type":"SearchAction","target":{"@type":"EntryPoint","urlTemplate":"https:\/\/www.naxos-argana.com\/de?s={search_term_string}"},"query-input":{"@type":"PropertyValueSpecification","valueRequired":true,"valueName":"search_term_string"}}],"inLanguage":"de"}]}},"_links":{"self":[{"href":"https:\/\/www.naxos-argana.com\/de\/wp-json\/wp\/v2\/pages\/2302","targetHints":{"allow":["GET"]}}],"collection":[{"href":"https:\/\/www.naxos-argana.com\/de\/wp-json\/wp\/v2\/pages"}],"about":[{"href":"https:\/\/www.naxos-argana.com\/de\/wp-json\/wp\/v2\/types\/page"}],"author":[{"embeddable":true,"href":"https:\/\/www.naxos-argana.com\/de\/wp-json\/wp\/v2\/users\/1"}],"replies":[{"embeddable":true,"href":"https:\/\/www.naxos-argana.com\/de\/wp-json\/wp\/v2\/comments?post=2302"}],"version-history":[{"count":10,"href":"https:\/\/www.naxos-argana.com\/de\/wp-json\/wp\/v2\/pages\/2302\/revisions"}],"predecessor-version":[{"id":2318,"href":"https:\/\/www.naxos-argana.com\/de\/wp-json\/wp\/v2\/pages\/2302\/revisions\/2318"}],"wp:attachment":[{"href":"https:\/\/www.naxos-argana.com\/de\/wp-json\/wp\/v2\/media?parent=2302"}],"curies":[{"name":"wp","href":"https:\/\/api.w.org\/{rel}","templated":true}]}}