{"id":2289,"date":"2024-10-01T14:09:11","date_gmt":"2024-10-01T12:09:11","guid":{"rendered":"https:\/\/www.naxos-argana.com\/contact"},"modified":"2026-02-23T17:52:35","modified_gmt":"2026-02-23T16:52:35","slug":"kontakt","status":"publish","type":"page","link":"https:\/\/www.naxos-argana.com\/de\/kontakt","title":{"rendered":"Kontakt"},"content":{"rendered":"\t\t<div data-elementor-type=\"wp-page\" data-elementor-id=\"2289\" class=\"elementor elementor-2289 elementor-9\" data-elementor-post-type=\"page\">\n\t\t\t\t<div class=\"elementor-element elementor-element-504cb2f e-con-full e-flex e-con e-parent\" data-id=\"504cb2f\" data-element_type=\"container\" data-e-type=\"container\" data-settings=\"{&quot;background_background&quot;:&quot;classic&quot;}\">\n\t\t\t\t<\/div>\n\t\t<div class=\"elementor-element elementor-element-4c6ae3d e-flex e-con-boxed e-con e-parent\" data-id=\"4c6ae3d\" data-element_type=\"container\" data-e-type=\"container\" data-settings=\"{&quot;background_background&quot;:&quot;classic&quot;}\">\n\t\t\t\t\t<div class=\"e-con-inner\">\n\t\t<div class=\"elementor-element elementor-element-7d055f0 e-con-full e-flex e-con e-child\" data-id=\"7d055f0\" data-element_type=\"container\" data-e-type=\"container\">\n\t\t\t\t<div class=\"elementor-element elementor-element-40abee7 elementor-widget elementor-widget-heading\" data-id=\"40abee7\" data-element_type=\"widget\" data-e-type=\"widget\" data-widget_type=\"heading.default\">\n\t\t\t\t<div class=\"elementor-widget-container\">\n\t\t\t\t\t<h2 class=\"elementor-heading-title elementor-size-default\">Kontakt<\/h2>\t\t\t\t<\/div>\n\t\t\t\t<\/div>\n\t\t\t\t<div class=\"elementor-element elementor-element-ae7ebef elementor-widget-mobile__width-initial elementor-widget elementor-widget-button\" data-id=\"ae7ebef\" data-element_type=\"widget\" data-e-type=\"widget\" data-widget_type=\"button.default\">\n\t\t\t\t<div class=\"elementor-widget-container\">\n\t\t\t\t\t\t\t\t\t<div class=\"elementor-button-wrapper\">\n\t\t\t\t\t<a class=\"elementor-button elementor-button-link elementor-size-sm\" href=\"\/de\/buchungsanfrage\/#booking\">\n\t\t\t\t\t\t<span class=\"elementor-button-content-wrapper\">\n\t\t\t\t\t\t\t\t\t<span class=\"elementor-button-text\">Buchungsanfrage<\/span>\n\t\t\t\t\t<\/span>\n\t\t\t\t\t<\/a>\n\t\t\t\t<\/div>\n\t\t\t\t\t\t\t\t<\/div>\n\t\t\t\t<\/div>\n\t\t\t\t<\/div>\n\t\t<div class=\"elementor-element elementor-element-a0c9f52 e-con-full e-flex e-con e-child\" data-id=\"a0c9f52\" data-element_type=\"container\" data-e-type=\"container\">\n\t\t\t\t<div class=\"elementor-element elementor-element-dfa8f13 elementor-widget elementor-widget-text-editor\" data-id=\"dfa8f13\" data-element_type=\"widget\" data-e-type=\"widget\" data-widget_type=\"text-editor.default\">\n\t\t\t\t<div class=\"elementor-widget-container\">\n\t\t\t\t\t\t\t\t\t<p><strong>Argana Holiday Home<\/strong><br \/><a href=\"mailto:c&#111;&#110;&#116;&#97;&#99;&#116;&#64;&#110;&#97;&#120;&#x6f;&#x73;&#x2d;&#x61;&#x72;&#x67;&#x61;&#x6e;&#x61;&#x2e;&#x63;&#x6f;&#x6d;\">contact&#64;naxo&#115;&#45;&#97;&#114;&#103;&#97;&#110;&#97;&#46;&#99;&#111;&#109;<\/a><br \/>Agioi Pantes<br \/>Naxos<br \/>Cyclades, Greece 843 00<\/p><p><strong>Rental Agency<\/strong><br \/><strong>C.A.R.E. Naxos<\/strong><br \/><a href=\"&#x6d;&#97;i&#x6c;&#116;o&#x3a;&#105;n&#x66;&#x6f;&#64;&#x63;&#x61;&#114;e&#x6e;&#97;x&#x6f;&#115;&#46;&#x63;&#x6f;&#109;?subject=House Argana Contact Form\">i&#110;&#102;&#x6f;&#x40;&#x63;a&#114;&#101;&#x6e;&#x61;&#x78;os&#46;&#x63;&#x6f;&#x6d;<\/a><br \/>+30 699 222 22 11<br \/>Chora Naxos<br \/>Cyclades, Greece 843 00<\/p><p><strong>Website<\/strong><br \/><a href=\"&#x6d;&#97;i&#x6c;&#x74;&#111;:&#x6a;&#x2e;&#107;a&#x63;&#104;e&#x6c;&#x72;&#105;e&#x73;&#x73;&#64;y&#x65;&#97;&#114;&#x6e;&#x69;&#110;g&#x2e;&#x64;&#101;\">Yearning.de<\/a><\/p><p>Findet uns auf<br \/><span style=\"text-decoration: underline;\"><a href=\"https:\/\/www.google.com\/maps\/place\/Argana+House\/@37.0629541,25.3658347,17z\/data=!4m16!1m9!4m8!1m0!1m6!1m2!1s0x14980dec5c10cfbb:0x8db505dcc142999a!2zzobOs865zr_OuSDOoM6szr3PhM61z4IgODQzIDAw!2m2!1d25.3705983!2d37.0629541!3m5!1s0x14980dec5c10cfbb:0x8db505dcc142999a!8m2!3d37.0629541!4d25.3705983!16s%2Fg%2F11xfqvbhtp?hl=de&amp;authuser=0&amp;entry=ttu&amp;g_ep=EgoyMDI1MDUxNS4xIKXMDSoASAFQAw%3D%3D\" target=\"_blank\" rel=\"noopener\"><strong>Google Maps<\/strong><\/a><\/span><\/p>\t\t\t\t\t\t\t\t<\/div>\n\t\t\t\t<\/div>\n\t\t\t\t<div class=\"elementor-element elementor-element-bc9777b elementor-widget elementor-widget-text-editor\" data-id=\"bc9777b\" data-element_type=\"widget\" data-e-type=\"widget\" data-widget_type=\"text-editor.default\">\n\t\t\t\t<div class=\"elementor-widget-container\">\n\t\t\t\t\t\t\t\t\t<p>Folgt uns doch auf<\/p>\t\t\t\t\t\t\t\t<\/div>\n\t\t\t\t<\/div>\n\t\t\t\t<div class=\"elementor-element elementor-element-c7af0f3 elementor-widget elementor-widget-image\" data-id=\"c7af0f3\" data-element_type=\"widget\" data-e-type=\"widget\" data-widget_type=\"image.default\">\n\t\t\t\t<div class=\"elementor-widget-container\">\n\t\t\t\t\t\t\t\t\t\t\t\t\t\t\t\t<a href=\"https:\/\/www.instagram.com\/naxos_argana\" target=\"_blank\">\n\t\t\t\t\t\t\t<img decoding=\"async\" src=\"https:\/\/www.naxos-argana.com\/wp-content\/uploads\/2025\/06\/instagram-icon-black.svg\" title=\"instagram-icon-black\" alt=\"instagram-icon-black\" loading=\"lazy\" \/>\t\t\t\t\t\t\t\t<\/a>\n\t\t\t\t\t\t\t\t\t\t\t\t\t\t\t<\/div>\n\t\t\t\t<\/div>\n\t\t\t\t<\/div>\n\t\t\t\t\t<\/div>\n\t\t\t\t<\/div>\n\t\t<div class=\"elementor-element elementor-element-fcd4213 e-flex e-con-boxed e-con e-parent\" data-id=\"fcd4213\" data-element_type=\"container\" data-e-type=\"container\">\n\t\t\t\t\t<div class=\"e-con-inner\">\n\t\t\t\t\t<\/div>\n\t\t\t\t<\/div>\n\t\t\t\t<\/div>\n\t\t","protected":false},"excerpt":{"rendered":"<p>Kontakt Buchungsanfrage Argana Holiday Home con&#116;&#97;&#99;&#x74;&#x40;&#x6e;&#x61;&#x78;&#x6f;s-a&#114;&#103;&#97;&#110;&#x61;&#x2e;&#x63;&#x6f;&#x6d; Agioi Pantes Naxos Cyclades, Greece 843 00 Rental Agency C.A.R.E. Naxos &#x69;n&#x66;&#111;&#x40;&#99;&#x61;&#x72;e&#x6e;&#97;&#x78;&#111;&#x73;&#46;c&#x6f;&#109; +30 699 222 22 11 Chora Naxos Cyclades, Greece 843 00 Website Yearning.de Findet uns auf Google Maps Folgt uns doch auf<\/p>\n","protected":false},"author":1,"featured_media":0,"parent":0,"menu_order":9,"comment_status":"closed","ping_status":"closed","template":"","meta":{"_acf_changed":false,"footnotes":""},"class_list":["post-2289","page","type-page","status-publish","hentry"],"acf":[],"yoast_head":"<!-- This site is optimized with the Yoast SEO plugin v27.3 - https:\/\/yoast.com\/product\/yoast-seo-wordpress\/ -->\n<title>Naxos Argana Ferienhaus Kontaktdaten<\/title>\n<meta name=\"description\" content=\"Ihr wollt Naxos besuchen und dort in einem wundersch\u00f6nen, unkomplizierten und gem\u00fctlichen Haus mit Pool in Strandn\u00e4he wohnen? Hier seid ihr richtig!\" \/>\n<meta name=\"robots\" content=\"index, follow, max-snippet:-1, max-image-preview:large, max-video-preview:-1\" \/>\n<link rel=\"canonical\" href=\"https:\/\/www.naxos-argana.com\/de\/kontakt\" \/>\n<meta property=\"og:locale\" content=\"de_DE\" \/>\n<meta property=\"og:type\" content=\"article\" \/>\n<meta property=\"og:title\" content=\"Naxos Argana Ferienhaus Kontaktdaten\" \/>\n<meta property=\"og:description\" content=\"Ihr wollt Naxos besuchen und dort in einem wundersch\u00f6nen, unkomplizierten und gem\u00fctlichen Haus mit Pool in Strandn\u00e4he wohnen? Hier seid ihr richtig!\" \/>\n<meta property=\"og:url\" content=\"https:\/\/www.naxos-argana.com\/de\/kontakt\" \/>\n<meta property=\"og:site_name\" content=\"Naxos Argana\" \/>\n<meta property=\"article:modified_time\" content=\"2026-02-23T16:52:35+00:00\" \/>\n<meta property=\"og:image\" content=\"https:\/\/www.naxos-argana.com\/wp-content\/uploads\/2025\/06\/instagram-icon-black.svg\" \/>\n<meta name=\"twitter:card\" content=\"summary_large_image\" \/>\n<meta name=\"twitter:label1\" content=\"Gesch\u00e4tzte Lesezeit\" \/>\n\t<meta name=\"twitter:data1\" content=\"1\u00a0Minute\" \/>\n<script type=\"application\/ld+json\" class=\"yoast-schema-graph\">{\"@context\":\"https:\\\/\\\/schema.org\",\"@graph\":[{\"@type\":\"WebPage\",\"@id\":\"https:\\\/\\\/www.naxos-argana.com\\\/de\\\/kontakt\",\"url\":\"https:\\\/\\\/www.naxos-argana.com\\\/de\\\/kontakt\",\"name\":\"Naxos Argana Ferienhaus Kontaktdaten\",\"isPartOf\":{\"@id\":\"https:\\\/\\\/www.naxos-argana.com\\\/de#website\"},\"primaryImageOfPage\":{\"@id\":\"https:\\\/\\\/www.naxos-argana.com\\\/de\\\/kontakt#primaryimage\"},\"image\":{\"@id\":\"https:\\\/\\\/www.naxos-argana.com\\\/de\\\/kontakt#primaryimage\"},\"thumbnailUrl\":\"https:\\\/\\\/www.naxos-argana.com\\\/wp-content\\\/uploads\\\/2025\\\/06\\\/instagram-icon-black.svg\",\"datePublished\":\"2024-10-01T12:09:11+00:00\",\"dateModified\":\"2026-02-23T16:52:35+00:00\",\"description\":\"Ihr wollt Naxos besuchen und dort in einem wundersch\u00f6nen, unkomplizierten und gem\u00fctlichen Haus mit Pool in Strandn\u00e4he wohnen? Hier seid ihr richtig!\",\"breadcrumb\":{\"@id\":\"https:\\\/\\\/www.naxos-argana.com\\\/de\\\/kontakt#breadcrumb\"},\"inLanguage\":\"de\",\"potentialAction\":[{\"@type\":\"ReadAction\",\"target\":[\"https:\\\/\\\/www.naxos-argana.com\\\/de\\\/kontakt\"]}]},{\"@type\":\"ImageObject\",\"inLanguage\":\"de\",\"@id\":\"https:\\\/\\\/www.naxos-argana.com\\\/de\\\/kontakt#primaryimage\",\"url\":\"https:\\\/\\\/www.naxos-argana.com\\\/wp-content\\\/uploads\\\/2025\\\/06\\\/instagram-icon-black.svg\",\"contentUrl\":\"https:\\\/\\\/www.naxos-argana.com\\\/wp-content\\\/uploads\\\/2025\\\/06\\\/instagram-icon-black.svg\"},{\"@type\":\"BreadcrumbList\",\"@id\":\"https:\\\/\\\/www.naxos-argana.com\\\/de\\\/kontakt#breadcrumb\",\"itemListElement\":[{\"@type\":\"ListItem\",\"position\":1,\"name\":\"Startseite\",\"item\":\"https:\\\/\\\/www.naxos-argana.com\\\/de\"},{\"@type\":\"ListItem\",\"position\":2,\"name\":\"Kontakt\"}]},{\"@type\":\"WebSite\",\"@id\":\"https:\\\/\\\/www.naxos-argana.com\\\/de#website\",\"url\":\"https:\\\/\\\/www.naxos-argana.com\\\/de\",\"name\":\"Naxos Argana\",\"description\":\"Holiday Home\",\"potentialAction\":[{\"@type\":\"SearchAction\",\"target\":{\"@type\":\"EntryPoint\",\"urlTemplate\":\"https:\\\/\\\/www.naxos-argana.com\\\/de?s={search_term_string}\"},\"query-input\":{\"@type\":\"PropertyValueSpecification\",\"valueRequired\":true,\"valueName\":\"search_term_string\"}}],\"inLanguage\":\"de\"}]}<\/script>\n<!-- \/ Yoast SEO plugin. -->","yoast_head_json":{"title":"Naxos Argana Ferienhaus Kontaktdaten","description":"Ihr wollt Naxos besuchen und dort in einem wundersch\u00f6nen, unkomplizierten und gem\u00fctlichen Haus mit Pool in Strandn\u00e4he wohnen? Hier seid ihr richtig!","robots":{"index":"index","follow":"follow","max-snippet":"max-snippet:-1","max-image-preview":"max-image-preview:large","max-video-preview":"max-video-preview:-1"},"canonical":"https:\/\/www.naxos-argana.com\/de\/kontakt","og_locale":"de_DE","og_type":"article","og_title":"Naxos Argana Ferienhaus Kontaktdaten","og_description":"Ihr wollt Naxos besuchen und dort in einem wundersch\u00f6nen, unkomplizierten und gem\u00fctlichen Haus mit Pool in Strandn\u00e4he wohnen? Hier seid ihr richtig!","og_url":"https:\/\/www.naxos-argana.com\/de\/kontakt","og_site_name":"Naxos Argana","article_modified_time":"2026-02-23T16:52:35+00:00","og_image":[{"url":"https:\/\/www.naxos-argana.com\/wp-content\/uploads\/2025\/06\/instagram-icon-black.svg","type":"","width":"","height":""}],"twitter_card":"summary_large_image","twitter_misc":{"Gesch\u00e4tzte Lesezeit":"1\u00a0Minute"},"schema":{"@context":"https:\/\/schema.org","@graph":[{"@type":"WebPage","@id":"https:\/\/www.naxos-argana.com\/de\/kontakt","url":"https:\/\/www.naxos-argana.com\/de\/kontakt","name":"Naxos Argana Ferienhaus Kontaktdaten","isPartOf":{"@id":"https:\/\/www.naxos-argana.com\/de#website"},"primaryImageOfPage":{"@id":"https:\/\/www.naxos-argana.com\/de\/kontakt#primaryimage"},"image":{"@id":"https:\/\/www.naxos-argana.com\/de\/kontakt#primaryimage"},"thumbnailUrl":"https:\/\/www.naxos-argana.com\/wp-content\/uploads\/2025\/06\/instagram-icon-black.svg","datePublished":"2024-10-01T12:09:11+00:00","dateModified":"2026-02-23T16:52:35+00:00","description":"Ihr wollt Naxos besuchen und dort in einem wundersch\u00f6nen, unkomplizierten und gem\u00fctlichen Haus mit Pool in Strandn\u00e4he wohnen? Hier seid ihr richtig!","breadcrumb":{"@id":"https:\/\/www.naxos-argana.com\/de\/kontakt#breadcrumb"},"inLanguage":"de","potentialAction":[{"@type":"ReadAction","target":["https:\/\/www.naxos-argana.com\/de\/kontakt"]}]},{"@type":"ImageObject","inLanguage":"de","@id":"https:\/\/www.naxos-argana.com\/de\/kontakt#primaryimage","url":"https:\/\/www.naxos-argana.com\/wp-content\/uploads\/2025\/06\/instagram-icon-black.svg","contentUrl":"https:\/\/www.naxos-argana.com\/wp-content\/uploads\/2025\/06\/instagram-icon-black.svg"},{"@type":"BreadcrumbList","@id":"https:\/\/www.naxos-argana.com\/de\/kontakt#breadcrumb","itemListElement":[{"@type":"ListItem","position":1,"name":"Startseite","item":"https:\/\/www.naxos-argana.com\/de"},{"@type":"ListItem","position":2,"name":"Kontakt"}]},{"@type":"WebSite","@id":"https:\/\/www.naxos-argana.com\/de#website","url":"https:\/\/www.naxos-argana.com\/de","name":"Naxos Argana","description":"Holiday Home","potentialAction":[{"@type":"SearchAction","target":{"@type":"EntryPoint","urlTemplate":"https:\/\/www.naxos-argana.com\/de?s={search_term_string}"},"query-input":{"@type":"PropertyValueSpecification","valueRequired":true,"valueName":"search_term_string"}}],"inLanguage":"de"}]}},"_links":{"self":[{"href":"https:\/\/www.naxos-argana.com\/de\/wp-json\/wp\/v2\/pages\/2289","targetHints":{"allow":["GET"]}}],"collection":[{"href":"https:\/\/www.naxos-argana.com\/de\/wp-json\/wp\/v2\/pages"}],"about":[{"href":"https:\/\/www.naxos-argana.com\/de\/wp-json\/wp\/v2\/types\/page"}],"author":[{"embeddable":true,"href":"https:\/\/www.naxos-argana.com\/de\/wp-json\/wp\/v2\/users\/1"}],"replies":[{"embeddable":true,"href":"https:\/\/www.naxos-argana.com\/de\/wp-json\/wp\/v2\/comments?post=2289"}],"version-history":[{"count":15,"href":"https:\/\/www.naxos-argana.com\/de\/wp-json\/wp\/v2\/pages\/2289\/revisions"}],"predecessor-version":[{"id":2845,"href":"https:\/\/www.naxos-argana.com\/de\/wp-json\/wp\/v2\/pages\/2289\/revisions\/2845"}],"wp:attachment":[{"href":"https:\/\/www.naxos-argana.com\/de\/wp-json\/wp\/v2\/media?parent=2289"}],"curies":[{"name":"wp","href":"https:\/\/api.w.org\/{rel}","templated":true}]}}