{"id":2216,"date":"2025-06-27T11:35:41","date_gmt":"2025-06-27T09:35:41","guid":{"rendered":"https:\/\/www.naxos-argana.com\/argana-villa-naxos"},"modified":"2025-07-11T15:29:13","modified_gmt":"2025-07-11T13:29:13","slug":"argana-villa-naxos","status":"publish","type":"page","link":"https:\/\/www.naxos-argana.com\/de\/argana-villa-naxos","title":{"rendered":"Argana Villa Naxos"},"content":{"rendered":"\t\t<div data-elementor-type=\"wp-page\" data-elementor-id=\"2216\" class=\"elementor elementor-2216 elementor-2005\" data-elementor-post-type=\"page\">\n\t\t\t\t<div class=\"elementor-element elementor-element-8492178 e-con-full e-flex e-con e-parent\" data-id=\"8492178\" data-element_type=\"container\" data-e-type=\"container\" data-settings=\"{&quot;background_background&quot;:&quot;classic&quot;}\">\n\t\t\t\t<\/div>\n\t\t<div class=\"elementor-element elementor-element-9e406c2 e-flex e-con-boxed e-con e-parent\" data-id=\"9e406c2\" data-element_type=\"container\" data-e-type=\"container\">\n\t\t\t\t\t<div class=\"e-con-inner\">\n\t\t\t\t<div class=\"elementor-element elementor-element-fc97529 elementor-widget elementor-widget-heading\" data-id=\"fc97529\" data-element_type=\"widget\" data-e-type=\"widget\" data-widget_type=\"heading.default\">\n\t\t\t\t<div class=\"elementor-widget-container\">\n\t\t\t\t\t<h2 class=\"elementor-heading-title elementor-size-default\">Argana Villa Naxos oder Argana Home?<\/h2>\t\t\t\t<\/div>\n\t\t\t\t<\/div>\n\t\t\t\t\t<\/div>\n\t\t\t\t<\/div>\n\t\t<div class=\"elementor-element elementor-element-cd07d95 e-flex e-con-boxed e-con e-parent\" data-id=\"cd07d95\" data-element_type=\"container\" data-e-type=\"container\">\n\t\t\t\t\t<div class=\"e-con-inner\">\n\t\t<div class=\"elementor-element elementor-element-c5d43b2 e-con-full e-flex e-con e-child\" data-id=\"c5d43b2\" data-element_type=\"container\" data-e-type=\"container\">\n\t\t\t\t<div class=\"elementor-element elementor-element-92b4aee elementor-widget elementor-widget-image\" data-id=\"92b4aee\" data-element_type=\"widget\" data-e-type=\"widget\" data-widget_type=\"image.default\">\n\t\t\t\t<div class=\"elementor-widget-container\">\n\t\t\t\t\t\t\t\t\t\t\t\t\t\t\t<img fetchpriority=\"high\" decoding=\"async\" width=\"1024\" height=\"570\" src=\"https:\/\/www.naxos-argana.com\/wp-content\/uploads\/2025\/06\/argana-villa-naxos-1024x570.webp\" class=\"attachment-large size-large wp-image-2207\" alt=\"\" srcset=\"https:\/\/www.naxos-argana.com\/wp-content\/uploads\/2025\/06\/argana-villa-naxos-1024x570.webp 1024w, https:\/\/www.naxos-argana.com\/wp-content\/uploads\/2025\/06\/argana-villa-naxos-300x167.webp 300w, https:\/\/www.naxos-argana.com\/wp-content\/uploads\/2025\/06\/argana-villa-naxos-768x428.webp 768w, https:\/\/www.naxos-argana.com\/wp-content\/uploads\/2025\/06\/argana-villa-naxos-576x321.webp 576w, https:\/\/www.naxos-argana.com\/wp-content\/uploads\/2025\/06\/argana-villa-naxos.webp 1155w\" sizes=\"(max-width: 1024px) 100vw, 1024px\" \/>\t\t\t\t\t\t\t\t\t\t\t\t\t\t\t<\/div>\n\t\t\t\t<\/div>\n\t\t\t\t<\/div>\n\t\t<div class=\"elementor-element elementor-element-84de811 e-con-full e-flex e-con e-child\" data-id=\"84de811\" data-element_type=\"container\" data-e-type=\"container\">\n\t\t\t\t<div class=\"elementor-element elementor-element-e8bed44 elementor-widget elementor-widget-text-editor\" data-id=\"e8bed44\" data-element_type=\"widget\" data-e-type=\"widget\" data-widget_type=\"text-editor.default\">\n\t\t\t\t<div class=\"elementor-widget-container\">\n\t\t\t\t\t\t\t\t\t<p class=\"p1\"><strong>Ihr habt also nach einem Ferienhaus auf Naxos gesucht, idealerweise in der N\u00e4he des Plaka-Strandes. Und jetzt habt Ihr diese Argana Villa Naxos gefunden und sie ist nicht mehr buchbar? Aber es gibt ein anderes Ferienhaus mit dem Namen Argana Home und das ist verwirrend?<\/strong><\/p><p>Ja, das ist es, aber es ist auch leicht zu erkl\u00e4ren: Das Haus in Argana ist 2024 verkauft worden. Der alte Besitzer nannte es Villa, wir nennen es gerne Zuhause, weil es sich so anf\u00fchlt.<\/p><p>Es ist also das gleiche Haus, aber mit den neuen Besitzern hat sich die Inneneinrichtung ziemlich ver\u00e4ndert, der Garten wurde neu angelegt und so weiter. Es ist immer noch auf allen gro\u00dfen Plattformen zu mieten, aber man muss nach Argana Home Ausschau halten und oft lautet der neue Titel &#8222;Argana Home sleeps 5 Plaka beach with pool&#8220;. Aber wie auch immer Sie es nennen, es ist ein wundersch\u00f6nes Haus in der N\u00e4he des Strandes, in der N\u00e4he von Naxos-Stadt, in der N\u00e4he von allem, und das Wichtigste ist, dass es von Juni bis September zu mieten ist, verwaltet von C.A.R.E. Naxos.<\/p><p class=\"p1\">Wenn Ihr daran interessiert seid, mit uns in Kontakt zu treten, besucht die Seite &#8222;<span style=\"text-decoration: underline;\"><strong><a href=\"https:\/\/www.naxos-argana.com\/de\/buchungsanfrage\">BUCHUNGSANFRAGE<\/a><\/strong><\/span>&#8222;, sucht Eure bevorzugte Buchungsplattform oder &#8211; der sch\u00f6nste Weg &#8211; schickt uns eine Nachricht und bucht direkt bei uns.<\/p>\t\t\t\t\t\t\t\t<\/div>\n\t\t\t\t<\/div>\n\t\t\t\t<\/div>\n\t\t\t\t\t<\/div>\n\t\t\t\t<\/div>\n\t\t<div class=\"elementor-element elementor-element-1f00952 e-con-full e-flex e-con e-parent\" data-id=\"1f00952\" data-element_type=\"container\" data-e-type=\"container\" data-settings=\"{&quot;background_background&quot;:&quot;classic&quot;}\">\n\t\t\t\t<\/div>\n\t\t\t\t<\/div>\n\t\t","protected":false},"excerpt":{"rendered":"<p>Argana Villa Naxos oder Argana Home? Ihr habt also nach einem Ferienhaus auf Naxos gesucht, idealerweise in der N\u00e4he des Plaka-Strandes. Und jetzt habt Ihr diese Argana Villa Naxos gefunden und sie ist nicht mehr buchbar? Aber es gibt ein anderes Ferienhaus mit dem Namen Argana Home und das ist <a class=\"moretag\" href=\"https:\/\/www.naxos-argana.com\/de\/argana-villa-naxos\">weiterlesen&#8230;<\/a><\/p>\n","protected":false},"author":3,"featured_media":0,"parent":0,"menu_order":2,"comment_status":"closed","ping_status":"closed","template":"","meta":{"_acf_changed":false,"footnotes":""},"class_list":["post-2216","page","type-page","status-publish","hentry"],"acf":[],"yoast_head":"<!-- This site is optimized with the Yoast SEO plugin v27.3 - https:\/\/yoast.com\/product\/yoast-seo-wordpress\/ -->\n<title>Argana Villa Naxos is now Argana Home and still for rent<\/title>\n<meta name=\"description\" content=\"The once called Villa is a Home now! The holiday home Argana, situated close to Plaka beach on Naxos, is now called Argana Home.\" \/>\n<meta name=\"robots\" content=\"index, follow, max-snippet:-1, max-image-preview:large, max-video-preview:-1\" \/>\n<link rel=\"canonical\" href=\"https:\/\/www.naxos-argana.com\/de\/argana-villa-naxos\" \/>\n<meta property=\"og:locale\" content=\"de_DE\" \/>\n<meta property=\"og:type\" content=\"article\" \/>\n<meta property=\"og:title\" content=\"Argana Villa Naxos is now Argana Home and still for rent\" \/>\n<meta property=\"og:description\" content=\"The once called Villa is a Home now! The holiday home Argana, situated close to Plaka beach on Naxos, is now called Argana Home.\" \/>\n<meta property=\"og:url\" content=\"https:\/\/www.naxos-argana.com\/de\/argana-villa-naxos\" \/>\n<meta property=\"og:site_name\" content=\"Naxos Argana\" \/>\n<meta property=\"article:modified_time\" content=\"2025-07-11T13:29:13+00:00\" \/>\n<meta property=\"og:image\" content=\"https:\/\/www.naxos-argana.com\/wp-content\/uploads\/2025\/06\/argana-villa-naxos.webp\" \/>\n\t<meta property=\"og:image:width\" content=\"1155\" \/>\n\t<meta property=\"og:image:height\" content=\"643\" \/>\n\t<meta property=\"og:image:type\" content=\"image\/webp\" \/>\n<meta name=\"twitter:card\" content=\"summary_large_image\" \/>\n<meta name=\"twitter:label1\" content=\"Gesch\u00e4tzte Lesezeit\" \/>\n\t<meta name=\"twitter:data1\" content=\"2\u00a0Minuten\" \/>\n<script type=\"application\/ld+json\" class=\"yoast-schema-graph\">{\"@context\":\"https:\\\/\\\/schema.org\",\"@graph\":[{\"@type\":\"WebPage\",\"@id\":\"https:\\\/\\\/www.naxos-argana.com\\\/de\\\/argana-villa-naxos\",\"url\":\"https:\\\/\\\/www.naxos-argana.com\\\/de\\\/argana-villa-naxos\",\"name\":\"Argana Villa Naxos is now Argana Home and still for rent\",\"isPartOf\":{\"@id\":\"https:\\\/\\\/www.naxos-argana.com\\\/de#website\"},\"primaryImageOfPage\":{\"@id\":\"https:\\\/\\\/www.naxos-argana.com\\\/de\\\/argana-villa-naxos#primaryimage\"},\"image\":{\"@id\":\"https:\\\/\\\/www.naxos-argana.com\\\/de\\\/argana-villa-naxos#primaryimage\"},\"thumbnailUrl\":\"https:\\\/\\\/www.naxos-argana.com\\\/wp-content\\\/uploads\\\/2025\\\/06\\\/argana-villa-naxos-1024x570.webp\",\"datePublished\":\"2025-06-27T09:35:41+00:00\",\"dateModified\":\"2025-07-11T13:29:13+00:00\",\"description\":\"The once called Villa is a Home now! The holiday home Argana, situated close to Plaka beach on Naxos, is now called Argana Home.\",\"breadcrumb\":{\"@id\":\"https:\\\/\\\/www.naxos-argana.com\\\/de\\\/argana-villa-naxos#breadcrumb\"},\"inLanguage\":\"de\",\"potentialAction\":[{\"@type\":\"ReadAction\",\"target\":[\"https:\\\/\\\/www.naxos-argana.com\\\/de\\\/argana-villa-naxos\"]}]},{\"@type\":\"ImageObject\",\"inLanguage\":\"de\",\"@id\":\"https:\\\/\\\/www.naxos-argana.com\\\/de\\\/argana-villa-naxos#primaryimage\",\"url\":\"https:\\\/\\\/www.naxos-argana.com\\\/wp-content\\\/uploads\\\/2025\\\/06\\\/argana-villa-naxos-1024x570.webp\",\"contentUrl\":\"https:\\\/\\\/www.naxos-argana.com\\\/wp-content\\\/uploads\\\/2025\\\/06\\\/argana-villa-naxos-1024x570.webp\"},{\"@type\":\"BreadcrumbList\",\"@id\":\"https:\\\/\\\/www.naxos-argana.com\\\/de\\\/argana-villa-naxos#breadcrumb\",\"itemListElement\":[{\"@type\":\"ListItem\",\"position\":1,\"name\":\"Startseite\",\"item\":\"https:\\\/\\\/www.naxos-argana.com\\\/de\"},{\"@type\":\"ListItem\",\"position\":2,\"name\":\"Argana Villa Naxos\"}]},{\"@type\":\"WebSite\",\"@id\":\"https:\\\/\\\/www.naxos-argana.com\\\/de#website\",\"url\":\"https:\\\/\\\/www.naxos-argana.com\\\/de\",\"name\":\"Naxos Argana\",\"description\":\"Holiday Home\",\"potentialAction\":[{\"@type\":\"SearchAction\",\"target\":{\"@type\":\"EntryPoint\",\"urlTemplate\":\"https:\\\/\\\/www.naxos-argana.com\\\/de?s={search_term_string}\"},\"query-input\":{\"@type\":\"PropertyValueSpecification\",\"valueRequired\":true,\"valueName\":\"search_term_string\"}}],\"inLanguage\":\"de\"}]}<\/script>\n<!-- \/ Yoast SEO plugin. -->","yoast_head_json":{"title":"Argana Villa Naxos is now Argana Home and still for rent","description":"The once called Villa is a Home now! The holiday home Argana, situated close to Plaka beach on Naxos, is now called Argana Home.","robots":{"index":"index","follow":"follow","max-snippet":"max-snippet:-1","max-image-preview":"max-image-preview:large","max-video-preview":"max-video-preview:-1"},"canonical":"https:\/\/www.naxos-argana.com\/de\/argana-villa-naxos","og_locale":"de_DE","og_type":"article","og_title":"Argana Villa Naxos is now Argana Home and still for rent","og_description":"The once called Villa is a Home now! The holiday home Argana, situated close to Plaka beach on Naxos, is now called Argana Home.","og_url":"https:\/\/www.naxos-argana.com\/de\/argana-villa-naxos","og_site_name":"Naxos Argana","article_modified_time":"2025-07-11T13:29:13+00:00","og_image":[{"width":1155,"height":643,"url":"https:\/\/www.naxos-argana.com\/wp-content\/uploads\/2025\/06\/argana-villa-naxos.webp","type":"image\/webp"}],"twitter_card":"summary_large_image","twitter_misc":{"Gesch\u00e4tzte Lesezeit":"2\u00a0Minuten"},"schema":{"@context":"https:\/\/schema.org","@graph":[{"@type":"WebPage","@id":"https:\/\/www.naxos-argana.com\/de\/argana-villa-naxos","url":"https:\/\/www.naxos-argana.com\/de\/argana-villa-naxos","name":"Argana Villa Naxos is now Argana Home and still for rent","isPartOf":{"@id":"https:\/\/www.naxos-argana.com\/de#website"},"primaryImageOfPage":{"@id":"https:\/\/www.naxos-argana.com\/de\/argana-villa-naxos#primaryimage"},"image":{"@id":"https:\/\/www.naxos-argana.com\/de\/argana-villa-naxos#primaryimage"},"thumbnailUrl":"https:\/\/www.naxos-argana.com\/wp-content\/uploads\/2025\/06\/argana-villa-naxos-1024x570.webp","datePublished":"2025-06-27T09:35:41+00:00","dateModified":"2025-07-11T13:29:13+00:00","description":"The once called Villa is a Home now! The holiday home Argana, situated close to Plaka beach on Naxos, is now called Argana Home.","breadcrumb":{"@id":"https:\/\/www.naxos-argana.com\/de\/argana-villa-naxos#breadcrumb"},"inLanguage":"de","potentialAction":[{"@type":"ReadAction","target":["https:\/\/www.naxos-argana.com\/de\/argana-villa-naxos"]}]},{"@type":"ImageObject","inLanguage":"de","@id":"https:\/\/www.naxos-argana.com\/de\/argana-villa-naxos#primaryimage","url":"https:\/\/www.naxos-argana.com\/wp-content\/uploads\/2025\/06\/argana-villa-naxos-1024x570.webp","contentUrl":"https:\/\/www.naxos-argana.com\/wp-content\/uploads\/2025\/06\/argana-villa-naxos-1024x570.webp"},{"@type":"BreadcrumbList","@id":"https:\/\/www.naxos-argana.com\/de\/argana-villa-naxos#breadcrumb","itemListElement":[{"@type":"ListItem","position":1,"name":"Startseite","item":"https:\/\/www.naxos-argana.com\/de"},{"@type":"ListItem","position":2,"name":"Argana Villa Naxos"}]},{"@type":"WebSite","@id":"https:\/\/www.naxos-argana.com\/de#website","url":"https:\/\/www.naxos-argana.com\/de","name":"Naxos Argana","description":"Holiday Home","potentialAction":[{"@type":"SearchAction","target":{"@type":"EntryPoint","urlTemplate":"https:\/\/www.naxos-argana.com\/de?s={search_term_string}"},"query-input":{"@type":"PropertyValueSpecification","valueRequired":true,"valueName":"search_term_string"}}],"inLanguage":"de"}]}},"_links":{"self":[{"href":"https:\/\/www.naxos-argana.com\/de\/wp-json\/wp\/v2\/pages\/2216","targetHints":{"allow":["GET"]}}],"collection":[{"href":"https:\/\/www.naxos-argana.com\/de\/wp-json\/wp\/v2\/pages"}],"about":[{"href":"https:\/\/www.naxos-argana.com\/de\/wp-json\/wp\/v2\/types\/page"}],"author":[{"embeddable":true,"href":"https:\/\/www.naxos-argana.com\/de\/wp-json\/wp\/v2\/users\/3"}],"replies":[{"embeddable":true,"href":"https:\/\/www.naxos-argana.com\/de\/wp-json\/wp\/v2\/comments?post=2216"}],"version-history":[{"count":10,"href":"https:\/\/www.naxos-argana.com\/de\/wp-json\/wp\/v2\/pages\/2216\/revisions"}],"predecessor-version":[{"id":2265,"href":"https:\/\/www.naxos-argana.com\/de\/wp-json\/wp\/v2\/pages\/2216\/revisions\/2265"}],"wp:attachment":[{"href":"https:\/\/www.naxos-argana.com\/de\/wp-json\/wp\/v2\/media?parent=2216"}],"curies":[{"name":"wp","href":"https:\/\/api.w.org\/{rel}","templated":true}]}}